{"id":517,"date":"2026-03-21T13:53:09","date_gmt":"2026-03-21T17:53:09","guid":{"rendered":"https:\/\/carrillolawllc.com\/?page_id=517"},"modified":"2026-03-21T15:11:00","modified_gmt":"2026-03-21T19:11:00","slug":"careers","status":"publish","type":"page","link":"https:\/\/carrillolawllc.com\/es\/careers\/","title":{"rendered":"Carreras"},"content":{"rendered":"<h3>\u00danete a Nuestro Equipo<\/h3>\n<p>Buscamos activamente incorporar a personas din\u00e1micas, motivadas y con iniciativa propia, que deseen formar parte de un peque\u00f1o bufete de abogados en expansi\u00f3n, el cual ofrece un alto nivel de servicio a personas, familias y empresas en una amplia variedad de \u00e1reas de pr\u00e1ctica. Si este es su usted, consulte nuestras vacantes a continuaci\u00f3n:<\/p>\n\t<p><a href=\"http:\/\/carrillolawllc.com\/wp-content\/uploads\/2026\/03\/Paralegal-Job-Posting.pdf\" target=\"_blank\" rel=\"noopener\"><strong>Paralegal<\/strong><\/a><\/p>\n<figure itemscope itemtype=\"https:\/\/schema.org\/ImageObject\">\n\t\t\t\t<a href=\"http:\/\/carrillolawllc.com\/wp-content\/uploads\/2026\/03\/Paralegal-Job-Posting.pdf\"  target=\"_blank\" rel=\"noopener\"  itemprop=\"url\">\n\t\t\t\t<img decoding=\"async\" src=\"https:\/\/carrillolawllc.com\/wp-content\/uploads\/2026\/03\/Paralegal.png\" alt=\"Group meeting\" height=\"788\" width=\"940\" title=\"Paralegal\" onerror=\"this.style.display='none'\" loading=\"lazy\" \/>\n\t\t\t\t<\/a>\n\t<\/figure>\n\t<p><a href=\"http:\/\/carrillolawllc.com\/wp-content\/uploads\/2026\/03\/Law-Clerk-Job-Posting-Updated-03-21-26.pdf\" target=\"_blank\" rel=\"noopener\"><strong>Estudiante Legal de Medio Tiempo<\/strong><\/a><\/p>\n<figure itemscope itemtype=\"https:\/\/schema.org\/ImageObject\">\n\t\t\t\t<a href=\"http:\/\/carrillolawllc.com\/wp-content\/uploads\/2026\/03\/Law-Clerk-Job-Posting-Updated-03-21-26.pdf\"  target=\"_blank\" rel=\"noopener\"  itemprop=\"url\">\n\t\t\t\t<img decoding=\"async\" src=\"https:\/\/carrillolawllc.com\/wp-content\/uploads\/2026\/03\/IMG_0137-scaled.jpeg\" alt=\"Books\" height=\"1920\" width=\"2560\" title=\"IMG_0137\" onerror=\"this.style.display='none'\" loading=\"lazy\" \/>\n\t\t\t\t<\/a>\n\t<\/figure>\n\t<p><a href=\"http:\/\/carrillolawllc.com\/wp-content\/uploads\/2026\/03\/Bilingual-Prospective-Client-Assistant-Updated-03-21-26.pdf\" target=\"_blank\" rel=\"noopener\"><strong>Asistente Biling\u00fce de Clientes Potenciales<\/strong><\/a><\/p>\n<figure itemscope itemtype=\"https:\/\/schema.org\/ImageObject\">\n\t\t\t\t<a href=\"http:\/\/carrillolawllc.com\/wp-content\/uploads\/2026\/03\/Bilingual-Prospective-Client-Assistant-Updated-03-21-26.pdf\"  target=\"_blank\" rel=\"noopener\"  itemprop=\"url\">\n\t\t\t\t<img decoding=\"async\" src=\"https:\/\/carrillolawllc.com\/wp-content\/uploads\/2026\/03\/Headset-w-Laptop.png\" alt=\"Headset hanging on laptop\" height=\"788\" width=\"940\" title=\"Headset w Laptop\" onerror=\"this.style.display='none'\" loading=\"lazy\" \/>\n\t\t\t\t<\/a>\n\t<\/figure>\n<h2>\n\t\t\t\u00bfTienes preguntas? \u00a1Ponte en contacto con nosotros!\t<\/h2>\n\t<p>Estaremos encantados de responder cualquier pregunta que tenga sobre nuestras vacantes. Env\u00ede sus preguntas a sandra@carrillolawllc.com.<\/p>\n<p>No env\u00ede informaci\u00f3n confidencial ni materiales urgentes. Si no es un cliente actual, no env\u00ede ninguna informaci\u00f3n sobre su caso.<\/p>\n<figure itemscope itemtype=\"https:\/\/schema.org\/ImageObject\">\n\t\t\t\t<img decoding=\"async\" src=\"http:\/\/carrillolawllc.com\/wp-content\/uploads\/2026\/03\/Questions.png\" alt=\"Four question marks\" title=\"Questions\" onerror=\"this.style.display='none'\" loading=\"lazy\" \/>\n\t<\/figure>","protected":false},"excerpt":{"rendered":"<p>Join Our Team We are actively seeking to hire dynamic, motivated, self-starting individuals that desire to be part of a&hellip;<\/p>","protected":false},"author":1,"featured_media":0,"parent":0,"menu_order":0,"comment_status":"closed","ping_status":"closed","template":"","meta":{"footnotes":""},"class_list":["post-517","page","type-page","status-publish","hentry"],"_links":{"self":[{"href":"https:\/\/carrillolawllc.com\/es\/wp-json\/wp\/v2\/pages\/517","targetHints":{"allow":["GET"]}}],"collection":[{"href":"https:\/\/carrillolawllc.com\/es\/wp-json\/wp\/v2\/pages"}],"about":[{"href":"https:\/\/carrillolawllc.com\/es\/wp-json\/wp\/v2\/types\/page"}],"author":[{"embeddable":true,"href":"https:\/\/carrillolawllc.com\/es\/wp-json\/wp\/v2\/users\/1"}],"replies":[{"embeddable":true,"href":"https:\/\/carrillolawllc.com\/es\/wp-json\/wp\/v2\/comments?post=517"}],"version-history":[{"count":11,"href":"https:\/\/carrillolawllc.com\/es\/wp-json\/wp\/v2\/pages\/517\/revisions"}],"predecessor-version":[{"id":570,"href":"https:\/\/carrillolawllc.com\/es\/wp-json\/wp\/v2\/pages\/517\/revisions\/570"}],"wp:attachment":[{"href":"https:\/\/carrillolawllc.com\/es\/wp-json\/wp\/v2\/media?parent=517"}],"curies":[{"name":"wp","href":"https:\/\/api.w.org\/{rel}","templated":true}]}}