{"id":2,"date":"2019-06-17T23:58:32","date_gmt":"2019-06-18T03:58:32","guid":{"rendered":"http:\/\/carrillolawllc.com\/?page_id=2"},"modified":"2026-03-21T15:44:37","modified_gmt":"2026-03-21T19:44:37","slug":"about","status":"publish","type":"page","link":"https:\/\/carrillolawllc.com\/es\/about\/","title":{"rendered":"Sobre Nosotros"},"content":{"rendered":"<h3>Nuestro Enfoque<\/h3>\n<p>Somos una firma de abogados de servicio completo que ofrece atenci\u00f3n personalizada a individuos, familias y empresas que enfrentan problemas legales dif\u00edciles. Nuestro objetivo es aliviar las dificultades que conlleva la navegaci\u00f3n de nuestros sistemas legales, mientras que ofrecemos una representaci\u00f3n efectiva y trabajamos diligentemente para lograr una resoluci\u00f3n favorable y equitativa.<\/p>\n<p>Ubicados en Westerville, atendemos principalmente a clientes en el condado de Franklin. Los casos fuera del condado se aceptan caso por caso. Consultas en persona, videoconferencia, y telef\u00f3nicas est\u00e1n disponibles con cita previa y se ofrecen por una tarifa.<\/p>\n<p>Consultas gratuitas en persona se ofrecen el 2do  mi\u00e9rcoles de cada mes en el Centro de Nuestra Se\u00f1ora de Guadalupe. Se atiende por orden de llegada; cupo limite de seis personas por fecha.<\/p>\n\t<h3>Nuestra Abogada Sandra Carrillo<\/h3>\n<p><a href=\"http:\/\/carrillolawllc.com\/wp-content\/uploads\/2026\/03\/Carrillo-1-1-scaled.jpg\"><img loading=\"lazy\" decoding=\"async\" src=\"http:\/\/carrillolawllc.com\/wp-content\/uploads\/2026\/03\/Carrillo-1-1-240x300.jpg\" alt=\"Headshot of Attorney Carrillo\" width=\"240\" height=\"300\" \/><\/a>Prior to starting her own firm, Attorney Sandra Carrillo served as an assistant city prosecutor with the Columbus City Attorney&#8217;s Office. She represented the cities of Columbus and Worthington, Franklin County townships, and the state of Ohio in the prosecution of criminal misdemeanor offenses. During her time as a prosecutor, Sandra gained invaluable experience in the courtroom assisting with or handling jury trials, bench trials, and evidentiary hearings. Prior to becoming an attorney, Sandra worked at The Ohio State University in the offices of Government Affairs and Legal Affairs.<\/p>\n<p>In addition to other activities, Sandra is an avid proponent of supporting access to justice in the community. She is a long-time volunteer of Legal Aid of Southeast and Central Ohio (LASCO), and of the Our Lady of Guadalupe Center. Through LASCO, Sandra has had the privilege of serving several individuals through a wide variety of clinics and programs; most recently through their Virtual Family Law Clinic. Sandra was also the recipient of LASCO&#8217;s 2023 New Lawyer Pro Bono Award. Through a collaboration with the Our Lady of Guadalupe Center, Sandra serves a number of low-income, Spanish-speaking individuals by providing free legal consultations at the center.<\/p>\n<p>Sandra has been an active member of the Columbus Bar Association since 2019. She regularly attends committee meetings, CLEs, and other events. She is also currently serving as a member of the professional ethics committee. Since its inception, Sandra has also volunteered with the #ColumbusBarCares team at LASCO&#8217;s Franklin County Driver&#8217;s License Reinstatement Clinic, and the Expungement Clinics at Ohio Means Jobs. Sandra also previously served as a co-chair of the CBA&#8217;s Solo\/Small Firm Professional Development Network for the period of August 2022 to July 2024.<\/p>\n<p>Sandra is also a current member of the Ohio State Bar Association and the Ohio Women&#8217;s Bar Association. She is also a graduate of the Ohio Women&#8217;s Bar Foundation 2024-2025 Leadership Institute cohort.<\/p>\n<p>In 2016, Sandra obtained a J.D. degree with a concentration in civil litigation from Capital University Law School. During law school, Sandra participated in the moot court program, and two mock trial competitions &#8211; one of which her team placed &#8220;Overall Winner&#8221; in the competition and Sandra was awarded the &#8220;First Round Best Attorney&#8221; award. Sandra was also named to the Order of the Barristers, an honor society limited to graduating law students and practicing lawyers who demonstrate exceptional skill in trial advocacy, oral advocacy, and brief writing. She is also a two-time alumna from The Ohio State University where she obtained two B.A. degrees in criminology and psychology.<\/p>\n<p>Sandra, nativa de Tampa, Florida, vive en Columbus desde el 2004. Actualmente, Sandra vive en el norte de Columbus con su esposo, Wilber, y sus cinco mascotas.<\/p>\n\t\t<h3>Next Steps&#8230;<\/h3>\n\t\t<p>\u00a1Programe su consulta con la abogada Sandra Carrillo hoy mismo!<\/p>\n\t\t\t<a href=\"http:\/\/carrillolawllc.com\/es\/contact\/\"  target=\"_self\">\n\t\t\t\t\t\t\tCont\u00e1ctenos\n\t\t\t\t\t<\/a>","protected":false},"excerpt":{"rendered":"<p>Our Approach We are a full-service law firm that offers personalized attention to individuals, families, and businesses facing tough legal&hellip;<\/p>","protected":false},"author":1,"featured_media":0,"parent":0,"menu_order":0,"comment_status":"closed","ping_status":"closed","template":"","meta":{"footnotes":""},"class_list":["post-2","page","type-page","status-publish","hentry"],"_links":{"self":[{"href":"https:\/\/carrillolawllc.com\/es\/wp-json\/wp\/v2\/pages\/2","targetHints":{"allow":["GET"]}}],"collection":[{"href":"https:\/\/carrillolawllc.com\/es\/wp-json\/wp\/v2\/pages"}],"about":[{"href":"https:\/\/carrillolawllc.com\/es\/wp-json\/wp\/v2\/types\/page"}],"author":[{"embeddable":true,"href":"https:\/\/carrillolawllc.com\/es\/wp-json\/wp\/v2\/users\/1"}],"replies":[{"embeddable":true,"href":"https:\/\/carrillolawllc.com\/es\/wp-json\/wp\/v2\/comments?post=2"}],"version-history":[{"count":11,"href":"https:\/\/carrillolawllc.com\/es\/wp-json\/wp\/v2\/pages\/2\/revisions"}],"predecessor-version":[{"id":556,"href":"https:\/\/carrillolawllc.com\/es\/wp-json\/wp\/v2\/pages\/2\/revisions\/556"}],"wp:attachment":[{"href":"https:\/\/carrillolawllc.com\/es\/wp-json\/wp\/v2\/media?parent=2"}],"curies":[{"name":"wp","href":"https:\/\/api.w.org\/{rel}","templated":true}]}}