{"id":158,"date":"2019-06-17T23:58:32","date_gmt":"2019-06-18T03:58:32","guid":{"rendered":"http:\/\/carrillolawllc.com\/?page_id=158"},"modified":"2026-03-21T15:09:45","modified_gmt":"2026-03-21T19:09:45","slug":"practiceareas","status":"publish","type":"page","link":"https:\/\/carrillolawllc.com\/es\/practiceareas\/","title":{"rendered":"\u00c1reas Legales de Practica"},"content":{"rendered":"<h3>Derecho Penal<\/h3><p>Sabemos que ser acusado de un delito puede tener un impacto negativo en su vida. Perm\u00edtanos abogar celosamente en su nombre para obtener el mejor resultado posible para usted.<\/p>\n\t<h3>Derecho Empresarial<\/h3><p>\u00a1Desde la formaci\u00f3n de negocios hasta las operaciones y los litigios, estamos aqu\u00ed para ayudarle en cada paso del camino! Ser due\u00f1o de su propio negocio no es una haza\u00f1a peque\u00f1a, y debe tener una firma de abogados confiables de su lado.<\/p>\n\t<h3>Derecho de Familia<\/h3><p>Ofrecemos servicios legales compasivos a personas que necesitan abordar los cambios en la estructura o las necesidades de su familia.<\/p>\n\t<h3>Propietario-Inquilino<\/h3><p>\u00a1Tratar con un propietario o un inquilino problem\u00e1tico por cuenta propia puede ser extremadamente dif\u00edcil! Deje que Carrillo Law, LLC le ayude.<\/p>\n\t<h3>Estate Planning &#038; Probate<\/h3><p>Cont\u00e1ctenos para sus necesidades de planificaci\u00f3n patrimonial y sucesiones. Ya sea para redactar un testamento o fideicomiso, cambiar su nombre o realizar una adopci\u00f3n por parte de un padrastro\/madrastra, \u00a1podemos ayudarle!<\/p>\n\t<p>Not sure what practice area your legal issue falls under? Don&#8217;t fret. Just give us a call.<\/p>\n\t\t<h3>Next Steps&#8230;<\/h3>\n\t\t<p>Ubicados en Westerville, atendemos principalmente a clientes en el condado de Franklin. Los casos fuera del condado se aceptan caso por caso. \u00a1Cont\u00e1ctenos para ver c\u00f3mo podemos ayudarle!<\/p>\n\t\t\t<a href=\"http:\/\/carrillolawllc.com\/es\/contact\/\"  target=\"_self\">\n\t\t\t\t\t\t\tCont\u00e1ctenos\n\t\t\t\t\t<\/a>","protected":false},"excerpt":{"rendered":"<p>Criminal Law We know that being charged with a crime can have a negative impact on your life. Let us&hellip;<\/p>","protected":false},"author":1,"featured_media":0,"parent":0,"menu_order":0,"comment_status":"closed","ping_status":"closed","template":"","meta":{"footnotes":""},"class_list":["post-158","page","type-page","status-publish","hentry"],"_links":{"self":[{"href":"https:\/\/carrillolawllc.com\/es\/wp-json\/wp\/v2\/pages\/158","targetHints":{"allow":["GET"]}}],"collection":[{"href":"https:\/\/carrillolawllc.com\/es\/wp-json\/wp\/v2\/pages"}],"about":[{"href":"https:\/\/carrillolawllc.com\/es\/wp-json\/wp\/v2\/types\/page"}],"author":[{"embeddable":true,"href":"https:\/\/carrillolawllc.com\/es\/wp-json\/wp\/v2\/users\/1"}],"replies":[{"embeddable":true,"href":"https:\/\/carrillolawllc.com\/es\/wp-json\/wp\/v2\/comments?post=158"}],"version-history":[{"count":11,"href":"https:\/\/carrillolawllc.com\/es\/wp-json\/wp\/v2\/pages\/158\/revisions"}],"predecessor-version":[{"id":569,"href":"https:\/\/carrillolawllc.com\/es\/wp-json\/wp\/v2\/pages\/158\/revisions\/569"}],"wp:attachment":[{"href":"https:\/\/carrillolawllc.com\/es\/wp-json\/wp\/v2\/media?parent=158"}],"curies":[{"name":"wp","href":"https:\/\/api.w.org\/{rel}","templated":true}]}}