{"id":156,"date":"2019-06-17T23:58:32","date_gmt":"2019-06-18T03:58:32","guid":{"rendered":"http:\/\/carrillolawllc.com\/?page_id=156"},"modified":"2026-03-21T14:45:58","modified_gmt":"2026-03-21T18:45:58","slug":"home","status":"publish","type":"page","link":"https:\/\/carrillolawllc.com\/es\/","title":{"rendered":"Inicio"},"content":{"rendered":"<h3>\u00bfEnfrentando un problema legal dif\u00edcil?<\/h3>\n<p>Navegar los sistemas legales solitariamente puede ser dif\u00edcil, especialmente cuando no est\u00e1 familiarizado con las leyes, normas, reglamentos y procedimientos que gobernan su problema legal espec\u00edfico. \u00a1La buena noticia es que no tiene que hacerlo as\u00ed! Carrillo Law, LLC est\u00e1 listo para ayudarle!<\/p>\n<p>Con un profundo conocimiento en derecho penal, experiencia personal como propietaria de una peque\u00f1a empresa y una defensora legal compasiva, la abogada Sandra Carrillo utilizar\u00e1 sus habilidades y capacidades para obtener una resoluci\u00f3n favorable y equitativa para usted. Debido a que los individuos, las familias y las empresas en crisis a menudo se olvidan de las consecuencias, Sandra trabajar\u00e1 con usted para asegurarse de que comprenda completamente todas las opciones disponibles y las posibles consecuencias asociadas con cada opci\u00f3n.<\/p>\n<figure itemscope itemtype=\"https:\/\/schema.org\/ImageObject\">\n\t\t\t\t<img decoding=\"async\" src=\"http:\/\/carrillolawllc.com\/wp-content\/uploads\/2019\/06\/Courtroom-Picture.jpg\" alt=\"Courtroom\" title=\"Mock Trial Picture\" onerror=\"this.style.display='none'\" loading=\"lazy\" \/>\n\t<\/figure>\n\t\t<h3>Next Steps&#8230;<\/h3>\n\t\t<p>\u00a1No lo dude! Permita que Carrillo Law, LLC le ayude a obtener una resoluci\u00f3n favorable y equitativa en su problema legal.<\/p>\n\t\t\t<a href=\"http:\/\/carrillolawllc.com\/es\/contact\/\"  target=\"_self\">\n\t\t\t\t\t\t\tCont\u00e1ctenos\n\t\t\t\t\t<\/a>","protected":false},"excerpt":{"rendered":"<p>Facing a tough legal issue? Navigating the legal systems alone can be tough, especially when you are not familiar with&hellip;<\/p>","protected":false},"author":1,"featured_media":0,"parent":0,"menu_order":0,"comment_status":"closed","ping_status":"closed","template":"","meta":{"footnotes":""},"class_list":["post-156","page","type-page","status-publish","hentry"],"_links":{"self":[{"href":"https:\/\/carrillolawllc.com\/es\/wp-json\/wp\/v2\/pages\/156","targetHints":{"allow":["GET"]}}],"collection":[{"href":"https:\/\/carrillolawllc.com\/es\/wp-json\/wp\/v2\/pages"}],"about":[{"href":"https:\/\/carrillolawllc.com\/es\/wp-json\/wp\/v2\/types\/page"}],"author":[{"embeddable":true,"href":"https:\/\/carrillolawllc.com\/es\/wp-json\/wp\/v2\/users\/1"}],"replies":[{"embeddable":true,"href":"https:\/\/carrillolawllc.com\/es\/wp-json\/wp\/v2\/comments?post=156"}],"version-history":[{"count":7,"href":"https:\/\/carrillolawllc.com\/es\/wp-json\/wp\/v2\/pages\/156\/revisions"}],"predecessor-version":[{"id":555,"href":"https:\/\/carrillolawllc.com\/es\/wp-json\/wp\/v2\/pages\/156\/revisions\/555"}],"wp:attachment":[{"href":"https:\/\/carrillolawllc.com\/es\/wp-json\/wp\/v2\/media?parent=156"}],"curies":[{"name":"wp","href":"https:\/\/api.w.org\/{rel}","templated":true}]}}